{"id":2,"date":"2015-09-16T04:24:25","date_gmt":"2015-09-16T04:24:25","guid":{"rendered":"http:\/\/wp431m.a10-52-158-154.qa.plesk.ru\/wordpress\/?page_id=2"},"modified":"2024-10-13T14:15:10","modified_gmt":"2024-10-13T12:15:10","slug":"sample-page","status":"publish","type":"page","link":"http:\/\/holzimker.de\/","title":{"rendered":"Imkerei"},"content":{"rendered":"<p>Wo fr\u00fcher die Hufen der Kappler Pferde beschlagen wurden, besch\u00e4ftigen wir uns heute mit Bienen.<br \/>\nDie Imkerei zur Alten Schmiede vereint ehrw\u00fcrdige und bew\u00e4hrte Traditionen mit den neuesten wissenschaftlichen Erkenntnissen einer naturnahen und nachhaltigen Bienenhaltung.<\/p>\n<p><a href=\"http:\/\/holzimker.de\/wp-content\/uploads\/2015\/09\/Haus-Neust\u00e4dter-Stra\u00dfe-150001.jpg\"><img loading=\"lazy\" decoding=\"async\" class=\"alignnone wp-image-23 size-large\" src=\"http:\/\/holzimker.de\/wp-content\/uploads\/2015\/09\/Haus-Neust\u00e4dter-Stra\u00dfe-150001-1024x763.jpg\" alt=\"Haus Neust\u00e4dter Stra\u00dfe 15000\" width=\"640\" height=\"477\" srcset=\"http:\/\/holzimker.de\/wp-content\/uploads\/2015\/09\/Haus-Neust\u00e4dter-Stra\u00dfe-150001-1024x763.jpg 1024w, http:\/\/holzimker.de\/wp-content\/uploads\/2015\/09\/Haus-Neust\u00e4dter-Stra\u00dfe-150001-300x224.jpg 300w\" sizes=\"(max-width: 640px) 100vw, 640px\" \/><\/a><\/p>\n","protected":false},"excerpt":{"rendered":"<p>Wo fr\u00fcher die Hufen der Kappler Pferde beschlagen wurden, besch\u00e4ftigen wir uns heute mit Bienen. Die Imkerei zur Alten Schmiede vereint ehrw\u00fcrdige und bew\u00e4hrte Traditionen mit den neuesten wissenschaftlichen Erkenntnissen einer naturnahen und nachhaltigen Bienenhaltung.<\/p>\n","protected":false},"author":1,"featured_media":0,"parent":0,"menu_order":0,"comment_status":"closed","ping_status":"open","template":"","meta":{"footnotes":""},"class_list":["post-2","page","type-page","status-publish","hentry"],"_links":{"self":[{"href":"http:\/\/holzimker.de\/index.php?rest_route=\/wp\/v2\/pages\/2"}],"collection":[{"href":"http:\/\/holzimker.de\/index.php?rest_route=\/wp\/v2\/pages"}],"about":[{"href":"http:\/\/holzimker.de\/index.php?rest_route=\/wp\/v2\/types\/page"}],"author":[{"embeddable":true,"href":"http:\/\/holzimker.de\/index.php?rest_route=\/wp\/v2\/users\/1"}],"replies":[{"embeddable":true,"href":"http:\/\/holzimker.de\/index.php?rest_route=%2Fwp%2Fv2%2Fcomments&post=2"}],"version-history":[{"count":15,"href":"http:\/\/holzimker.de\/index.php?rest_route=\/wp\/v2\/pages\/2\/revisions"}],"predecessor-version":[{"id":119,"href":"http:\/\/holzimker.de\/index.php?rest_route=\/wp\/v2\/pages\/2\/revisions\/119"}],"wp:attachment":[{"href":"http:\/\/holzimker.de\/index.php?rest_route=%2Fwp%2Fv2%2Fmedia&parent=2"}],"curies":[{"name":"wp","href":"https:\/\/api.w.org\/{rel}","templated":true}]}}